{"id":56,"date":"2018-10-05T04:49:45","date_gmt":"2018-10-05T04:49:45","guid":{"rendered":"http:\/\/nfr-gmbh.de\/?page_id=56"},"modified":"2024-03-18T13:42:44","modified_gmt":"2024-03-18T13:42:44","slug":"kontakt","status":"publish","type":"page","link":"https:\/\/nfr-gmbh.de\/?page_id=56","title":{"rendered":"Kontakt"},"content":{"rendered":"<p><b>NFR N\u00fcrnberg-F\u00fcrther Fusswegreinigung GmbH<\/b><\/p>\n<p>Flachslander Stra\u00dfe 6<br \/>\n90431 N\u00fcrnberg\/ Bayern<br \/>\nTel.: +49 <i>911<\/i> 61 25 17<br \/>\nFax: +49 <i>911<\/i> 61 25 93<\/p>\n","protected":false},"excerpt":{"rendered":"<p>NFR N\u00fcrnberg-F\u00fcrther Fusswegreinigung GmbH Flachslander Stra\u00dfe 6 90431 N\u00fcrnberg\/ Bayern Tel.: +49 911 61 25 17 Fax: +49 911 61 25 93<\/p>\n","protected":false},"author":1,"featured_media":0,"parent":0,"menu_order":0,"comment_status":"closed","ping_status":"closed","template":"","meta":[],"_links":{"self":[{"href":"https:\/\/nfr-gmbh.de\/index.php?rest_route=\/wp\/v2\/pages\/56"}],"collection":[{"href":"https:\/\/nfr-gmbh.de\/index.php?rest_route=\/wp\/v2\/pages"}],"about":[{"href":"https:\/\/nfr-gmbh.de\/index.php?rest_route=\/wp\/v2\/types\/page"}],"author":[{"embeddable":true,"href":"https:\/\/nfr-gmbh.de\/index.php?rest_route=\/wp\/v2\/users\/1"}],"replies":[{"embeddable":true,"href":"https:\/\/nfr-gmbh.de\/index.php?rest_route=%2Fwp%2Fv2%2Fcomments&post=56"}],"version-history":[{"count":2,"href":"https:\/\/nfr-gmbh.de\/index.php?rest_route=\/wp\/v2\/pages\/56\/revisions"}],"predecessor-version":[{"id":63,"href":"https:\/\/nfr-gmbh.de\/index.php?rest_route=\/wp\/v2\/pages\/56\/revisions\/63"}],"wp:attachment":[{"href":"https:\/\/nfr-gmbh.de\/index.php?rest_route=%2Fwp%2Fv2%2Fmedia&parent=56"}],"curies":[{"name":"wp","href":"https:\/\/api.w.org\/{rel}","templated":true}]}}