{"id":43,"date":"2018-10-05T04:36:26","date_gmt":"2018-10-05T04:36:26","guid":{"rendered":"http:\/\/nfr-gmbh.de\/?page_id=43"},"modified":"2018-10-05T04:36:26","modified_gmt":"2018-10-05T04:36:26","slug":"service","status":"publish","type":"page","link":"https:\/\/nfr-gmbh.de\/?page_id=43","title":{"rendered":"Service"},"content":{"rendered":"<p>Mit unserem modernen Fuhrpark, der ca. 20 Spezialfahrzeuge umfasst, ist es uns m\u00f6glich folgende Leistungen zu erbringen:<\/p>\n<ul>\n<li style=\"list-style-type: none;\">\n<ul>\n<li>Winterdienst<\/li>\n<li>Gro\u00dffl\u00e4chenreinigung<\/li>\n<li>Gartenpflege<\/li>\n<\/ul>\n<\/li>\n<\/ul>\n<p>&nbsp;<\/p>\n<hr \/>\n<p><b>Winterdienst &#8211; Unser Spezialgebiet<\/b><\/p>\n<p>Mit geschultem Personal und Spezialfahrzeugen \u00fcbernehmen wir vom 11. November bis 10. April den R\u00e4um- und Streudienst auf Ihrem Anwesen. Wir betreuen den Gehweg eines Privatmannes ebenso, wie den Gro\u00dfparkplatz eines \u00f6ffentlichen oder gewerblichen Gro\u00dfkunden zuverl\u00e4ssig, kundenorientiert und nach den Anforderungen der St\u00e4dtischen Verordnung.<\/p>\n<p>&nbsp;<\/p>\n<hr \/>\n<p><b>Gro\u00dffl\u00e4chenreinigung &#8211; Unsere gro\u00dfe Leidenschaft<\/b><\/p>\n<p>Durch unseren modernen und vielseitigen Maschinenpark, vor allem unsere gro\u00dfen Kehrmaschinen, sind wir in der Lage Fl\u00e4chen, wie z.B. Gro\u00dfparkpl\u00e4tze und Firmengel\u00e4nde schnell und professionell zu reinigen. Auch nach Veranstaltungen wie z.B. Strassenfesten, Kirchweihen oder Tr\u00f6delm\u00e4rkten beseitigen wir schnell und zuverl\u00e4ssig die M\u00fcllberge.<\/p>\n","protected":false},"excerpt":{"rendered":"<p>Mit unserem modernen Fuhrpark, der ca. 20 Spezialfahrzeuge umfasst, ist es uns m\u00f6glich folgende Leistungen zu erbringen: Winterdienst Gro\u00dffl\u00e4chenreinigung Gartenpflege &nbsp; Winterdienst &#8211; Unser Spezialgebiet Mit geschultem Personal und Spezialfahrzeugen \u00fcbernehmen wir vom 11. November bis 10. April den R\u00e4um- und Streudienst auf Ihrem Anwesen. Wir betreuen den Gehweg eines Privatmannes ebenso, wie den Gro\u00dfparkplatz &hellip; <\/p>\n<p class=\"link-more\"><a href=\"https:\/\/nfr-gmbh.de\/?page_id=43\" class=\"more-link\"><span class=\"screen-reader-text\">&#8222;Service&#8220;<\/span> weiterlesen<\/a><\/p>\n","protected":false},"author":1,"featured_media":0,"parent":0,"menu_order":0,"comment_status":"closed","ping_status":"closed","template":"","meta":[],"_links":{"self":[{"href":"https:\/\/nfr-gmbh.de\/index.php?rest_route=\/wp\/v2\/pages\/43"}],"collection":[{"href":"https:\/\/nfr-gmbh.de\/index.php?rest_route=\/wp\/v2\/pages"}],"about":[{"href":"https:\/\/nfr-gmbh.de\/index.php?rest_route=\/wp\/v2\/types\/page"}],"author":[{"embeddable":true,"href":"https:\/\/nfr-gmbh.de\/index.php?rest_route=\/wp\/v2\/users\/1"}],"replies":[{"embeddable":true,"href":"https:\/\/nfr-gmbh.de\/index.php?rest_route=%2Fwp%2Fv2%2Fcomments&post=43"}],"version-history":[{"count":1,"href":"https:\/\/nfr-gmbh.de\/index.php?rest_route=\/wp\/v2\/pages\/43\/revisions"}],"predecessor-version":[{"id":44,"href":"https:\/\/nfr-gmbh.de\/index.php?rest_route=\/wp\/v2\/pages\/43\/revisions\/44"}],"wp:attachment":[{"href":"https:\/\/nfr-gmbh.de\/index.php?rest_route=%2Fwp%2Fv2%2Fmedia&parent=43"}],"curies":[{"name":"wp","href":"https:\/\/api.w.org\/{rel}","templated":true}]}}