{"id":26,"date":"2018-10-05T04:23:56","date_gmt":"2018-10-05T04:23:56","guid":{"rendered":"http:\/\/nfr-gmbh.de\/?page_id=26"},"modified":"2018-10-05T04:23:56","modified_gmt":"2018-10-05T04:23:56","slug":"referenzen","status":"publish","type":"page","link":"https:\/\/nfr-gmbh.de\/?page_id=26","title":{"rendered":"Referenzen"},"content":{"rendered":"<h4>Referenzen<\/h4>\n<p>Unsere gesch\u00e4tzten und langj\u00e4hrigen Partner sind unter anderem&#8230;<\/p>\n<ul>\n<li><a href=\"http:\/\/www.nuernberg.de\/internet\/portal\/index.html\" target=\"_blank\" rel=\"noopener\">Stadt N\u00fcrnberg<\/a><\/li>\n<li><a href=\"http:\/\/www.n-ergie.de\/\" target=\"_blank\" rel=\"noopener\">N-ERGIE<\/a><\/li>\n<li><a href=\"http:\/\/www.vag.de\/\" target=\"_blank\" rel=\"noopener\">VAG<\/a><\/li>\n<li><a href=\"http:\/\/www.infra-fuerth.de\/\" target=\"_blank\" rel=\"noopener\">Infra F\u00fcrth Verkehr<\/a><\/li>\n<li>Wenauer Hausverwaltung<\/li>\n<li>TBN Tanklager Betriebsgesellschaft<\/li>\n<li>Stadtverband der Kleing\u00e4rtner N\u00fcrnberg<\/li>\n<li>Stadtverband der Kleing\u00e4rtner F\u00fcrth<\/li>\n<li><a href=\"http:\/\/www.aemter.org\/amt-bundesvermoegensamt-amberg-in-regensburg-14149\" target=\"_blank\" rel=\"noopener\">Bundesverm\u00f6gensamt Amberg<\/a><\/li>\n<li><a href=\"http:\/\/www.lff.bayern.de\/das_landesamt\/adressen\/adr_dst_an.aspx\" target=\"_blank\" rel=\"noopener\">Bezirksfinanzdirektion Ansbach<\/a><\/li>\n<li><a href=\"http:\/\/www.postbank.de\/\" target=\"_blank\" rel=\"noopener\">Postbank Genossenschaft N\u00fcrnberg<\/a><\/li>\n<\/ul>\n<p>Wir w\u00fcrden uns freuen, Sie in dieser Liste aufnehmen zu k\u00f6nnen!<\/p>\n","protected":false},"excerpt":{"rendered":"<p>Referenzen Unsere gesch\u00e4tzten und langj\u00e4hrigen Partner sind unter anderem&#8230; Stadt N\u00fcrnberg N-ERGIE VAG Infra F\u00fcrth Verkehr Wenauer Hausverwaltung TBN Tanklager Betriebsgesellschaft Stadtverband der Kleing\u00e4rtner N\u00fcrnberg Stadtverband der Kleing\u00e4rtner F\u00fcrth Bundesverm\u00f6gensamt Amberg Bezirksfinanzdirektion Ansbach Postbank Genossenschaft N\u00fcrnberg Wir w\u00fcrden uns freuen, Sie in dieser Liste aufnehmen zu k\u00f6nnen!<\/p>\n","protected":false},"author":1,"featured_media":0,"parent":0,"menu_order":0,"comment_status":"closed","ping_status":"closed","template":"","meta":[],"_links":{"self":[{"href":"https:\/\/nfr-gmbh.de\/index.php?rest_route=\/wp\/v2\/pages\/26"}],"collection":[{"href":"https:\/\/nfr-gmbh.de\/index.php?rest_route=\/wp\/v2\/pages"}],"about":[{"href":"https:\/\/nfr-gmbh.de\/index.php?rest_route=\/wp\/v2\/types\/page"}],"author":[{"embeddable":true,"href":"https:\/\/nfr-gmbh.de\/index.php?rest_route=\/wp\/v2\/users\/1"}],"replies":[{"embeddable":true,"href":"https:\/\/nfr-gmbh.de\/index.php?rest_route=%2Fwp%2Fv2%2Fcomments&post=26"}],"version-history":[{"count":1,"href":"https:\/\/nfr-gmbh.de\/index.php?rest_route=\/wp\/v2\/pages\/26\/revisions"}],"predecessor-version":[{"id":27,"href":"https:\/\/nfr-gmbh.de\/index.php?rest_route=\/wp\/v2\/pages\/26\/revisions\/27"}],"wp:attachment":[{"href":"https:\/\/nfr-gmbh.de\/index.php?rest_route=%2Fwp%2Fv2%2Fmedia&parent=26"}],"curies":[{"name":"wp","href":"https:\/\/api.w.org\/{rel}","templated":true}]}}