{"id":24,"date":"2018-10-05T04:23:14","date_gmt":"2018-10-05T04:23:14","guid":{"rendered":"http:\/\/nfr-gmbh.de\/?page_id=24"},"modified":"2018-10-05T04:23:14","modified_gmt":"2018-10-05T04:23:14","slug":"info","status":"publish","type":"page","link":"https:\/\/nfr-gmbh.de\/","title":{"rendered":"Info"},"content":{"rendered":"<p><b>Die Firma&#8230;<\/b><\/p>\n<p>&#8230;N\u00fcrnberg-F\u00fcrther Fu\u00dfwegreinigung mit Sitz in F\u00fcrth existiert seit 1971 und ist seit dieser Zeit erfolgreich im Bereich der Au\u00dfenreinigung t\u00e4tig. Mit unserem modernen Fuhrpark, der ca. 20 Spezialfahrzeuge umfasst, ist es uns m\u00f6glich, folgende Leistungen zu erbringen: Winterdienst, Gro\u00dffl\u00e4chenreinigung, Gartenpflege.<\/p>\n<p>&nbsp;<\/p>\n<p><b>Unsere Kunden&#8230;<\/b><\/p>\n<p>&#8230;dazu z\u00e4hlen neben zahlreichen namhaften Firmen und \u00f6ffentlichen Einrichtungen selbstverst\u00e4ndlich auch langj\u00e4hrige Privatkunden. Wir w\u00fcrden uns freuen, Ihnen ein individuelles Angebot zu erstellen und Sie als neuen Kunden in unserem Hause begr\u00fcssen zu d\u00fcrfen.<\/p>\n<p>&nbsp;<\/p>\n<p><b>Unsere Fahrzeuge&#8230;<\/b><\/p>\n<p>Machen Sie sich hier einen \u00dcberblick \u00fcber unsere vielseitigen Fahrzeuge, mit denen wir Ihre W\u00fcnsche und Aufgaben zu Ihrer vollen Zufriedenheit erledigen k\u00f6nnen.<\/p>\n","protected":false},"excerpt":{"rendered":"<p>Die Firma&#8230; &#8230;N\u00fcrnberg-F\u00fcrther Fu\u00dfwegreinigung mit Sitz in F\u00fcrth existiert seit 1971 und ist seit dieser Zeit erfolgreich im Bereich der Au\u00dfenreinigung t\u00e4tig. Mit unserem modernen Fuhrpark, der ca. 20 Spezialfahrzeuge umfasst, ist es uns m\u00f6glich, folgende Leistungen zu erbringen: Winterdienst, Gro\u00dffl\u00e4chenreinigung, Gartenpflege. &nbsp; Unsere Kunden&#8230; &#8230;dazu z\u00e4hlen neben zahlreichen namhaften Firmen und \u00f6ffentlichen Einrichtungen selbstverst\u00e4ndlich &hellip; <\/p>\n<p class=\"link-more\"><a href=\"https:\/\/nfr-gmbh.de\/\" class=\"more-link\"><span class=\"screen-reader-text\">&#8222;Info&#8220;<\/span> weiterlesen<\/a><\/p>\n","protected":false},"author":1,"featured_media":0,"parent":0,"menu_order":0,"comment_status":"closed","ping_status":"closed","template":"","meta":[],"_links":{"self":[{"href":"https:\/\/nfr-gmbh.de\/index.php?rest_route=\/wp\/v2\/pages\/24"}],"collection":[{"href":"https:\/\/nfr-gmbh.de\/index.php?rest_route=\/wp\/v2\/pages"}],"about":[{"href":"https:\/\/nfr-gmbh.de\/index.php?rest_route=\/wp\/v2\/types\/page"}],"author":[{"embeddable":true,"href":"https:\/\/nfr-gmbh.de\/index.php?rest_route=\/wp\/v2\/users\/1"}],"replies":[{"embeddable":true,"href":"https:\/\/nfr-gmbh.de\/index.php?rest_route=%2Fwp%2Fv2%2Fcomments&post=24"}],"version-history":[{"count":1,"href":"https:\/\/nfr-gmbh.de\/index.php?rest_route=\/wp\/v2\/pages\/24\/revisions"}],"predecessor-version":[{"id":25,"href":"https:\/\/nfr-gmbh.de\/index.php?rest_route=\/wp\/v2\/pages\/24\/revisions\/25"}],"wp:attachment":[{"href":"https:\/\/nfr-gmbh.de\/index.php?rest_route=%2Fwp%2Fv2%2Fmedia&parent=24"}],"curies":[{"name":"wp","href":"https:\/\/api.w.org\/{rel}","templated":true}]}}